{"id":8627,"date":"2025-11-26T09:07:48","date_gmt":"2025-11-26T09:07:48","guid":{"rendered":"https:\/\/onnarchive.com\/urun\/regel-jacket\/"},"modified":"2026-04-13T07:30:42","modified_gmt":"2026-04-13T07:30:42","slug":"regel-jacket","status":"publish","type":"product","link":"https:\/\/onnarchive.com\/en\/urun\/regel-jacket\/","title":{"rendered":"REGEL JACKET"},"content":{"rendered":"<p>KUMA\u015e : VEGAN SUN\u0130 DER\u0130<\/p>\n<p>RENK : KAHVE<\/p>\n<p>BOY :58 CM<\/p>\n","protected":false},"excerpt":{"rendered":"<p>KUMA\u015e : VEGAN SUN\u0130 DER\u0130 RENK : KAHVE BOY :58 CM<\/p>\n","protected":false},"featured_media":8621,"template":"","meta":[],"product_brand":[],"product_cat":[231,22],"product_tag":[],"class_list":{"0":"post-8627","1":"product","2":"type-product","3":"status-publish","4":"has-post-thumbnail","6":"product_cat-new-arrivals","7":"product_cat-ceket","9":"first","10":"outofstock","11":"taxable","12":"shipping-taxable","13":"purchasable","14":"product-type-variable"},"jetpack_sharing_enabled":true,"_links":{"self":[{"href":"https:\/\/onnarchive.com\/en\/wp-json\/wp\/v2\/product\/8627","targetHints":{"allow":["GET"]}}],"collection":[{"href":"https:\/\/onnarchive.com\/en\/wp-json\/wp\/v2\/product"}],"about":[{"href":"https:\/\/onnarchive.com\/en\/wp-json\/wp\/v2\/types\/product"}],"wp:featuredmedia":[{"embeddable":true,"href":"https:\/\/onnarchive.com\/en\/wp-json\/wp\/v2\/media\/8621"}],"wp:attachment":[{"href":"https:\/\/onnarchive.com\/en\/wp-json\/wp\/v2\/media?parent=8627"}],"wp:term":[{"taxonomy":"product_brand","embeddable":true,"href":"https:\/\/onnarchive.com\/en\/wp-json\/wp\/v2\/product_brand?post=8627"},{"taxonomy":"product_cat","embeddable":true,"href":"https:\/\/onnarchive.com\/en\/wp-json\/wp\/v2\/product_cat?post=8627"},{"taxonomy":"product_tag","embeddable":true,"href":"https:\/\/onnarchive.com\/en\/wp-json\/wp\/v2\/product_tag?post=8627"}],"curies":[{"name":"wp","href":"https:\/\/api.w.org\/{rel}","templated":true}]}}