{"id":7938,"date":"2025-10-28T19:35:36","date_gmt":"2025-10-28T19:35:36","guid":{"rendered":"https:\/\/onnarchive.com\/urun\/hester-suede-jacket-taupe\/"},"modified":"2025-11-14T10:19:40","modified_gmt":"2025-11-14T10:19:40","slug":"hester-suede-jacket-taupe","status":"publish","type":"product","link":"https:\/\/onnarchive.com\/en\/urun\/hester-suede-jacket-taupe\/","title":{"rendered":"HESTER SUEDE LEATHER JACKET &#8211; TAUPE"},"content":{"rendered":"<p>100% MAT\u0130S SUED DER\u0130<\/p>\n<p>RENK : V\u0130ZON<\/p>\n<p>BOY : 52 CM<\/p>\n","protected":false},"excerpt":{"rendered":"<p>100% MAT\u0130S SUED DER\u0130 RENK : V\u0130ZON BOY : 52 CM<\/p>\n","protected":false},"featured_media":8325,"template":"","meta":[],"product_brand":[],"product_cat":[231,22,235],"product_tag":[],"class_list":{"0":"post-7938","1":"product","2":"type-product","3":"status-publish","4":"has-post-thumbnail","6":"product_cat-new-arrivals","7":"product_cat-ceket","8":"product_cat-leather","10":"first","11":"instock","12":"taxable","13":"shipping-taxable","14":"purchasable","15":"product-type-variable"},"jetpack_sharing_enabled":true,"_links":{"self":[{"href":"https:\/\/onnarchive.com\/en\/wp-json\/wp\/v2\/product\/7938","targetHints":{"allow":["GET"]}}],"collection":[{"href":"https:\/\/onnarchive.com\/en\/wp-json\/wp\/v2\/product"}],"about":[{"href":"https:\/\/onnarchive.com\/en\/wp-json\/wp\/v2\/types\/product"}],"wp:featuredmedia":[{"embeddable":true,"href":"https:\/\/onnarchive.com\/en\/wp-json\/wp\/v2\/media\/8325"}],"wp:attachment":[{"href":"https:\/\/onnarchive.com\/en\/wp-json\/wp\/v2\/media?parent=7938"}],"wp:term":[{"taxonomy":"product_brand","embeddable":true,"href":"https:\/\/onnarchive.com\/en\/wp-json\/wp\/v2\/product_brand?post=7938"},{"taxonomy":"product_cat","embeddable":true,"href":"https:\/\/onnarchive.com\/en\/wp-json\/wp\/v2\/product_cat?post=7938"},{"taxonomy":"product_tag","embeddable":true,"href":"https:\/\/onnarchive.com\/en\/wp-json\/wp\/v2\/product_tag?post=7938"}],"curies":[{"name":"wp","href":"https:\/\/api.w.org\/{rel}","templated":true}]}}