{"id":7923,"date":"2025-10-28T19:26:32","date_gmt":"2025-10-28T19:26:32","guid":{"rendered":"https:\/\/onnarchive.com\/urun\/traveller-suede-jacket-camel-brown\/"},"modified":"2026-01-20T14:43:55","modified_gmt":"2026-01-20T14:43:55","slug":"traveller-suede-jacket-camel-brown","status":"publish","type":"product","link":"https:\/\/onnarchive.com\/en\/urun\/traveller-suede-jacket-camel-brown\/","title":{"rendered":"TRAVELLER SUEDE JACKET &#8211; CAMEL BROWN"},"content":{"rendered":"<p>100% MAT\u0130S SUED DER\u0130<\/p>\n<p>RENK : A\u00c7IK V\u0130ZON<\/p>\n<p>BOY : 72 CM<\/p>\n","protected":false},"excerpt":{"rendered":"<p>100% MAT\u0130S SUED DER\u0130 RENK : A\u00c7IK V\u0130ZON BOY : 72 CM<\/p>\n","protected":false},"featured_media":8425,"template":"","meta":[],"product_brand":[],"product_cat":[231,22,235],"product_tag":[],"class_list":{"0":"post-7923","1":"product","2":"type-product","3":"status-publish","4":"has-post-thumbnail","6":"product_cat-new-arrivals","7":"product_cat-ceket","8":"product_cat-leather","10":"first","11":"instock","12":"taxable","13":"shipping-taxable","14":"purchasable","15":"product-type-variable"},"jetpack_sharing_enabled":true,"_links":{"self":[{"href":"https:\/\/onnarchive.com\/en\/wp-json\/wp\/v2\/product\/7923","targetHints":{"allow":["GET"]}}],"collection":[{"href":"https:\/\/onnarchive.com\/en\/wp-json\/wp\/v2\/product"}],"about":[{"href":"https:\/\/onnarchive.com\/en\/wp-json\/wp\/v2\/types\/product"}],"wp:featuredmedia":[{"embeddable":true,"href":"https:\/\/onnarchive.com\/en\/wp-json\/wp\/v2\/media\/8425"}],"wp:attachment":[{"href":"https:\/\/onnarchive.com\/en\/wp-json\/wp\/v2\/media?parent=7923"}],"wp:term":[{"taxonomy":"product_brand","embeddable":true,"href":"https:\/\/onnarchive.com\/en\/wp-json\/wp\/v2\/product_brand?post=7923"},{"taxonomy":"product_cat","embeddable":true,"href":"https:\/\/onnarchive.com\/en\/wp-json\/wp\/v2\/product_cat?post=7923"},{"taxonomy":"product_tag","embeddable":true,"href":"https:\/\/onnarchive.com\/en\/wp-json\/wp\/v2\/product_tag?post=7923"}],"curies":[{"name":"wp","href":"https:\/\/api.w.org\/{rel}","templated":true}]}}