{"id":7868,"date":"2025-10-28T18:33:22","date_gmt":"2025-10-28T18:33:22","guid":{"rendered":"https:\/\/onnarchive.com\/urun\/rotate-suede-leather-jacket-2\/"},"modified":"2025-11-14T10:28:59","modified_gmt":"2025-11-14T10:28:59","slug":"rotate-suede-leather-jacket-2","status":"publish","type":"product","link":"https:\/\/onnarchive.com\/en\/urun\/rotate-suede-leather-jacket-2\/","title":{"rendered":"ROTATE SUEDE LEATHER JACKET"},"content":{"rendered":"<p>100% MAT\u0130S SUED DER\u0130<\/p>\n<p>RENK : T\u00dcT\u00dcN \/TABA<\/p>\n<p>BOY : 67 CM<\/p>\n","protected":false},"excerpt":{"rendered":"<p>100% MAT\u0130S SUED DER\u0130 RENK : T\u00dcT\u00dcN \/TABA BOY : 67 CM<\/p>\n","protected":false},"featured_media":8381,"template":"","meta":[],"product_brand":[],"product_cat":[231,22,235],"product_tag":[],"class_list":{"0":"post-7868","1":"product","2":"type-product","3":"status-publish","4":"has-post-thumbnail","6":"product_cat-new-arrivals","7":"product_cat-ceket","8":"product_cat-leather","10":"first","11":"instock","12":"taxable","13":"shipping-taxable","14":"purchasable","15":"product-type-variable"},"jetpack_sharing_enabled":true,"_links":{"self":[{"href":"https:\/\/onnarchive.com\/en\/wp-json\/wp\/v2\/product\/7868","targetHints":{"allow":["GET"]}}],"collection":[{"href":"https:\/\/onnarchive.com\/en\/wp-json\/wp\/v2\/product"}],"about":[{"href":"https:\/\/onnarchive.com\/en\/wp-json\/wp\/v2\/types\/product"}],"wp:featuredmedia":[{"embeddable":true,"href":"https:\/\/onnarchive.com\/en\/wp-json\/wp\/v2\/media\/8381"}],"wp:attachment":[{"href":"https:\/\/onnarchive.com\/en\/wp-json\/wp\/v2\/media?parent=7868"}],"wp:term":[{"taxonomy":"product_brand","embeddable":true,"href":"https:\/\/onnarchive.com\/en\/wp-json\/wp\/v2\/product_brand?post=7868"},{"taxonomy":"product_cat","embeddable":true,"href":"https:\/\/onnarchive.com\/en\/wp-json\/wp\/v2\/product_cat?post=7868"},{"taxonomy":"product_tag","embeddable":true,"href":"https:\/\/onnarchive.com\/en\/wp-json\/wp\/v2\/product_tag?post=7868"}],"curies":[{"name":"wp","href":"https:\/\/api.w.org\/{rel}","templated":true}]}}