{"id":7857,"date":"2025-10-28T18:11:00","date_gmt":"2025-10-28T18:11:00","guid":{"rendered":"https:\/\/onnarchive.com\/urun\/rotate-leather-jacket\/"},"modified":"2026-03-12T08:20:02","modified_gmt":"2026-03-12T08:20:02","slug":"rotate-leather-jacket","status":"publish","type":"product","link":"https:\/\/onnarchive.com\/en\/urun\/rotate-leather-jacket\/","title":{"rendered":"ROTATE LEATHER JACKET &#8211; TEXTURED"},"content":{"rendered":"<p>100% NATUREL DER\u0130<\/p>\n<p>RENK : ZEYT\u0130N YE\u015e\u0130L\u0130<\/p>\n<p>BOY : 67 CM<\/p>\n","protected":false},"excerpt":{"rendered":"<p>100% NATUREL DER\u0130 RENK : ZEYT\u0130N YE\u015e\u0130L\u0130 BOY : 67 CM<\/p>\n","protected":false},"featured_media":8266,"template":"","meta":[],"product_brand":[],"product_cat":[231,22,235],"product_tag":[],"class_list":{"0":"post-7857","1":"product","2":"type-product","3":"status-publish","4":"has-post-thumbnail","6":"product_cat-new-arrivals","7":"product_cat-ceket","8":"product_cat-leather","10":"first","11":"instock","12":"taxable","13":"shipping-taxable","14":"purchasable","15":"product-type-variable"},"jetpack_sharing_enabled":true,"_links":{"self":[{"href":"https:\/\/onnarchive.com\/en\/wp-json\/wp\/v2\/product\/7857","targetHints":{"allow":["GET"]}}],"collection":[{"href":"https:\/\/onnarchive.com\/en\/wp-json\/wp\/v2\/product"}],"about":[{"href":"https:\/\/onnarchive.com\/en\/wp-json\/wp\/v2\/types\/product"}],"wp:featuredmedia":[{"embeddable":true,"href":"https:\/\/onnarchive.com\/en\/wp-json\/wp\/v2\/media\/8266"}],"wp:attachment":[{"href":"https:\/\/onnarchive.com\/en\/wp-json\/wp\/v2\/media?parent=7857"}],"wp:term":[{"taxonomy":"product_brand","embeddable":true,"href":"https:\/\/onnarchive.com\/en\/wp-json\/wp\/v2\/product_brand?post=7857"},{"taxonomy":"product_cat","embeddable":true,"href":"https:\/\/onnarchive.com\/en\/wp-json\/wp\/v2\/product_cat?post=7857"},{"taxonomy":"product_tag","embeddable":true,"href":"https:\/\/onnarchive.com\/en\/wp-json\/wp\/v2\/product_tag?post=7857"}],"curies":[{"name":"wp","href":"https:\/\/api.w.org\/{rel}","templated":true}]}}