{"id":6394,"date":"2023-03-13T07:26:08","date_gmt":"2023-03-13T07:26:08","guid":{"rendered":"https:\/\/onnarchive.com\/privacy-policy-2\/"},"modified":"2024-10-07T10:04:49","modified_gmt":"2024-10-07T10:04:49","slug":"privacy-policy-2","status":"publish","type":"page","link":"https:\/\/onnarchive.com\/en\/privacy-policy-2\/","title":{"rendered":"Privacy and Security"},"content":{"rendered":"\t\t<div data-elementor-type=\"wp-page\" data-elementor-id=\"6394\" class=\"elementor elementor-6394 elementor-2697\">\n\t\t\t\t\t\t<section class=\"elementor-section elementor-top-section elementor-element elementor-element-6c47870 elementor-section-full_width elementor-section-height-default elementor-section-height-default\" data-id=\"6c47870\" data-element_type=\"section\">\n\t\t\t\t\t\t<div class=\"elementor-container elementor-column-gap-no\">\n\t\t\t\t\t<div class=\"elementor-column elementor-col-100 elementor-top-column elementor-element elementor-element-13e751f\" data-id=\"13e751f\" data-element_type=\"column\">\n\t\t\t<div class=\"elementor-widget-wrap elementor-element-populated\">\n\t\t\t\t\t\t<div class=\"elementor-element elementor-element-615e0c2 elementor-widget elementor-widget-blonwe-page-banner\" data-id=\"615e0c2\" data-element_type=\"widget\" data-widget_type=\"blonwe-page-banner.default\">\n\t\t\t\t<div class=\"elementor-widget-container\">\n\t\t\t\t\t<div class=\"page-header\"><div class=\"container\"><div class=\"page-header-inner\"><h1 class=\"entry-title\">Privacy and Security Policy<\/h1><div class=\"entry-description\"><p><\/p><\/div><\/div><\/div><\/div>\t\t\t\t<\/div>\n\t\t\t\t<\/div>\n\t\t\t\t\t<\/div>\n\t\t<\/div>\n\t\t\t\t\t<\/div>\n\t\t<\/section>\n\t\t\t\t<section class=\"elementor-section elementor-top-section elementor-element elementor-element-c199a2b elementor-section-boxed elementor-section-height-default elementor-section-height-default\" data-id=\"c199a2b\" data-element_type=\"section\">\n\t\t\t\t\t\t<div class=\"elementor-container elementor-column-gap-extended\">\n\t\t\t\t\t<div class=\"elementor-column elementor-col-33 elementor-top-column elementor-element elementor-element-28eef6b\" data-id=\"28eef6b\" data-element_type=\"column\">\n\t\t\t<div class=\"elementor-widget-wrap\">\n\t\t\t\t\t\t\t<\/div>\n\t\t<\/div>\n\t\t\t\t<div class=\"elementor-column elementor-col-33 elementor-top-column elementor-element elementor-element-c8cd71d\" data-id=\"c8cd71d\" data-element_type=\"column\">\n\t\t\t<div class=\"elementor-widget-wrap elementor-element-populated\">\n\t\t\t\t\t\t<div class=\"elementor-element elementor-element-a1da8ed elementor-widget elementor-widget-text-editor\" data-id=\"a1da8ed\" data-element_type=\"widget\" data-widget_type=\"text-editor.default\">\n\t\t\t\t<div class=\"elementor-widget-container\">\n\t\t\t\t\t\t\t\t\t<p><b>Privacy and Security Policy<\/b><\/p><p>NTT PLUS TEKST\u0130L KUMA\u015e BASKI SANAY\u0130 VE T\u0130CARET L\u0130M\u0130TED \u015e\u0130RKET\u0130 Online Store may request some personal information (such as name, age, interests, email, etc.) from customers to provide better service. The collected information is used exclusively within NTT PLUS TEKST\u0130L KUMA\u015e BASKI SANAY\u0130 VE T\u0130CARET L\u0130M\u0130TED \u015e\u0130RKET\u0130 for periodic campaign activities, planning special promotional efforts targeted at customer profiles, and conducting customer \u201cclassification\u201d studies to prevent unsolicited emails. Customer information, collected through membership forms, is never shared with third parties, used for commercial purposes, or sold without the customer\u2019s knowledge or contrary instruction. However, customer information may be disclosed to official authorities if requested by them or as required by mandatory provisions of applicable legislation.<\/p><p>Only the respective customer can access and modify all the information they enter into the system. It is not possible for anyone else to access or change this information. The credit card information requested on the payment page is not stored on NTT PLUS TEKST\u0130L KUMA\u015e BASKI SANAY\u0130 VE T\u0130CARET L\u0130M\u0130TED \u015e\u0130RKET\u0130 or service provider servers to ensure the highest level of security for customers. All payment transactions take place between the bank and the customer\u2019s computer via the NTT PLUS TEKST\u0130L KUMA\u015e BASKI SANAY\u0130 VE T\u0130CARET L\u0130M\u0130TED \u015e\u0130RKET\u0130 Online Store interface. When contacting Customer Service, it is important not to transmit sensitive information such as credit card numbers or passwords via email. Please be aware that information included in emails may be visible to third parties. The company cannot guarantee the security of information transmitted via email.<\/p><p>NTT PLUS TEKST\u0130L KUMA\u015e BASKI SANAY\u0130 VE T\u0130CARET L\u0130M\u0130TED \u015e\u0130RKET\u0130 reserves the right to change these \u201cPrivacy and Security Policy\u201d provisions at any time by publishing them on the website or notifying users via email. Changes to the policy become effective on the date they are published.<\/p><p><b>Use of Cookies<\/b><b><\/b><\/p><p>Cookies are small text files or information saved on your computer or mobile device (such as a smartphone or tablet) when you visit our website. Cookies are used to make our site easier to use and more tailored to your interests and needs. They also help speed up future visits and collect site usage statistics. Disabling cookies may affect your user experience and prevent you from accessing special offers.<\/p><p><b>Address:<\/b> Hasret Cad. No:49 A \u0130\u00e7 Kap\u0131 No:3 \u015ei\u015fli \/ \u0130stanbul<\/p>\t\t\t\t\t\t\t\t<\/div>\n\t\t\t\t<\/div>\n\t\t\t\t\t<\/div>\n\t\t<\/div>\n\t\t\t\t<div class=\"elementor-column elementor-col-33 elementor-top-column elementor-element elementor-element-0e73edf\" data-id=\"0e73edf\" data-element_type=\"column\">\n\t\t\t<div class=\"elementor-widget-wrap\">\n\t\t\t\t\t\t\t<\/div>\n\t\t<\/div>\n\t\t\t\t\t<\/div>\n\t\t<\/section>\n\t\t\t\t<\/div>\n\t\t","protected":false},"excerpt":{"rendered":"<p>Privacy and Security Policy Privacy and Security Policy NTT PLUS TEKST\u0130L KUMA\u015e BASKI SANAY\u0130 VE T\u0130CARET L\u0130M\u0130TED \u015e\u0130RKET\u0130 Online Store may request some personal information (such as name, age, interests, email, etc.) from customers to provide better service. The collected information is used exclusively within NTT PLUS TEKST\u0130L KUMA\u015e BASKI SANAY\u0130 VE T\u0130CARET L\u0130M\u0130TED \u015e\u0130RKET\u0130<\/p>\n<div class=\"klb-readmore button\"><a class=\"btn link\" href=\"https:\/\/onnarchive.com\/en\/privacy-policy-2\/\">Read More <i class=\"klbth-icon-right-arrow\"><\/i><\/a><\/div>\n","protected":false},"author":3,"featured_media":0,"parent":0,"menu_order":0,"comment_status":"closed","ping_status":"closed","template":"","meta":{"footnotes":""},"class_list":["post-6394","page","type-page","status-publish","hentry"],"jetpack_sharing_enabled":true,"_links":{"self":[{"href":"https:\/\/onnarchive.com\/en\/wp-json\/wp\/v2\/pages\/6394","targetHints":{"allow":["GET"]}}],"collection":[{"href":"https:\/\/onnarchive.com\/en\/wp-json\/wp\/v2\/pages"}],"about":[{"href":"https:\/\/onnarchive.com\/en\/wp-json\/wp\/v2\/types\/page"}],"author":[{"embeddable":true,"href":"https:\/\/onnarchive.com\/en\/wp-json\/wp\/v2\/users\/3"}],"replies":[{"embeddable":true,"href":"https:\/\/onnarchive.com\/en\/wp-json\/wp\/v2\/comments?post=6394"}],"version-history":[{"count":7,"href":"https:\/\/onnarchive.com\/en\/wp-json\/wp\/v2\/pages\/6394\/revisions"}],"predecessor-version":[{"id":6401,"href":"https:\/\/onnarchive.com\/en\/wp-json\/wp\/v2\/pages\/6394\/revisions\/6401"}],"wp:attachment":[{"href":"https:\/\/onnarchive.com\/en\/wp-json\/wp\/v2\/media?parent=6394"}],"curies":[{"name":"wp","href":"https:\/\/api.w.org\/{rel}","templated":true}]}}